{"id":42,"date":"2025-05-16T15:08:46","date_gmt":"2025-05-16T15:08:46","guid":{"rendered":"https:\/\/tok-supermarkt.at\/?page_id=42"},"modified":"2025-05-20T13:18:09","modified_gmt":"2025-05-20T13:18:09","slug":"impressum","status":"publish","type":"page","link":"https:\/\/tok-supermarkt.at\/index.php\/impressum\/","title":{"rendered":"Impressum"},"content":{"rendered":"\n<div class=\"wp-block-group alignfull has-global-padding is-content-justification-left is-layout-constrained wp-container-core-group-is-layout-dcdf3663 wp-block-group-is-layout-constrained\" style=\"margin-top:0;margin-bottom:0;padding-top:var(--wp--preset--spacing--50);padding-right:var(--wp--preset--spacing--50);padding-bottom:var(--wp--preset--spacing--50);padding-left:var(--wp--preset--spacing--50)\">\n<div class=\"wp-block-group alignwide has-global-padding is-layout-constrained wp-container-core-group-is-layout-19e250f3 wp-block-group-is-layout-constrained\">\n<div class=\"wp-block-columns alignwide is-layout-flex wp-container-core-columns-is-layout-d1c656ed wp-block-columns-is-layout-flex\">\n<div class=\"wp-block-column is-vertically-aligned-center is-layout-flow wp-block-column-is-layout-flow\" style=\"flex-basis:40%\">\n<p><strong>Firmenname:<\/strong><br>TOK Supermarkt<\/p>\n\n\n\n<p><strong>Unternehmensform:<\/strong><br>Einzelunternehmen<\/p>\n\n\n\n<p><strong>Inhaber:<\/strong><br>\u00d6mer Toprak<\/p>\n\n\n\n<p><strong>Adresse:<\/strong><br>Dr.-Karl-Psenner-Stra\u00dfe 52<br>6130 Schwaz<br>\u00d6sterreich<\/p>\n\n\n\n<p><strong>Telefon:<\/strong><br>+43 676 4860338<\/p>\n\n\n\n<p><strong>E-Mail:<\/strong><br><a>office@tok-supermarkt.at<\/a><\/p>\n\n\n\n<p><strong>Firmenbuchnummer:<\/strong><br>123456a<\/p>\n\n\n\n<p><strong>Firmenbuchgericht:<\/strong><br>Landesgericht Innsbruck<\/p>\n\n\n\n<p><strong>UID-Nummer:<\/strong><br>ATU76379624<\/p>\n\n\n\n<p><strong>Gewerbebeh\u00f6rde:<\/strong><br>Bezirkshauptmannschaft Schwaz<\/p>\n\n\n\n<p><strong>Kammer \/ Berufsverband:<\/strong><br><a href=\"https:\/\/firmen.wko.at\/oemer-toprak\/tirol\/?firmaid=010f2269-75dc-4995-9b35-a8a43494c755\">Wirtschaftskammer Tirol<\/a><\/p>\n\n\n\n<p><strong>Sparte:<\/strong><br>Handel<\/p>\n\n\n\n<p><strong>Berufsrechtliche Vorschriften:<\/strong><br>Gewerbeordnung: <a href=\"https:\/\/www.ris.bka.gv.at\/\">https:\/\/www.ris.bka.gv.at<\/a><\/p>\n\n\n\n<p><strong>Online-Streitbeilegung:<\/strong><br>Verbraucher haben die M\u00f6glichkeit, Beschwerden an die Online-Streitbeilegungsplattform der EU zu richten: <a class=\"\" href=\"https:\/\/ec.europa.eu\/odr\">https:\/\/ec.europa.eu\/odr<\/a><\/p>\n<\/div>\n<\/div>\n<\/div>\n<\/div>\n","protected":false},"excerpt":{"rendered":"<p>Firmenname:TOK Supermarkt Unternehmensform:Einzelunternehmen Inhaber:\u00d6mer Toprak Adresse:Dr.-Karl-Psenner-Stra\u00dfe 526130 Schwaz\u00d6sterreich Telefon:+43 676 4860338 E-Mail:office@tok-supermarkt.at Firmenbuchnummer:123456a Firmenbuchgericht:Landesgericht Innsbruck UID-Nummer:ATU76379624 Gewerbebeh\u00f6rde:Bezirkshauptmannschaft Schwaz Kammer \/ Berufsverband:Wirtschaftskammer Tirol Sparte:Handel Berufsrechtliche Vorschriften:Gewerbeordnung: https:\/\/www.ris.bka.gv.at Online-Streitbeilegung:Verbraucher haben die M\u00f6glichkeit, Beschwerden an die Online-Streitbeilegungsplattform der EU zu richten: https:\/\/ec.europa.eu\/odr<\/p>\n","protected":false},"author":1,"featured_media":0,"parent":0,"menu_order":0,"comment_status":"closed","ping_status":"closed","template":"","meta":{"footnotes":""},"class_list":["post-42","page","type-page","status-publish","hentry"],"_links":{"self":[{"href":"https:\/\/tok-supermarkt.at\/index.php\/wp-json\/wp\/v2\/pages\/42","targetHints":{"allow":["GET"]}}],"collection":[{"href":"https:\/\/tok-supermarkt.at\/index.php\/wp-json\/wp\/v2\/pages"}],"about":[{"href":"https:\/\/tok-supermarkt.at\/index.php\/wp-json\/wp\/v2\/types\/page"}],"author":[{"embeddable":true,"href":"https:\/\/tok-supermarkt.at\/index.php\/wp-json\/wp\/v2\/users\/1"}],"replies":[{"embeddable":true,"href":"https:\/\/tok-supermarkt.at\/index.php\/wp-json\/wp\/v2\/comments?post=42"}],"version-history":[{"count":8,"href":"https:\/\/tok-supermarkt.at\/index.php\/wp-json\/wp\/v2\/pages\/42\/revisions"}],"predecessor-version":[{"id":166,"href":"https:\/\/tok-supermarkt.at\/index.php\/wp-json\/wp\/v2\/pages\/42\/revisions\/166"}],"wp:attachment":[{"href":"https:\/\/tok-supermarkt.at\/index.php\/wp-json\/wp\/v2\/media?parent=42"}],"curies":[{"name":"wp","href":"https:\/\/api.w.org\/{rel}","templated":true}]}}